{"id":3331,"date":"2020-09-29T21:51:30","date_gmt":"2020-09-29T21:51:30","guid":{"rendered":"https:\/\/megapack.pixfort.com\/finance-elementor\/?page_id=3331"},"modified":"2021-07-28T16:23:59","modified_gmt":"2021-07-28T14:23:59","slug":"about","status":"publish","type":"page","link":"https:\/\/sam-its.com\/?page_id=3331","title":{"rendered":"La nostra storia"},"content":{"rendered":"\t\t<div data-elementor-type=\"wp-page\" data-elementor-id=\"3331\" class=\"elementor elementor-3331\" data-elementor-post-type=\"page\">\n\t\t\t\t\t\t<section class=\"elementor-section elementor-top-section elementor-element elementor-element-6ace9530 elementor-section-boxed elementor-section-height-default elementor-section-height-default\" data-id=\"6ace9530\" data-element_type=\"section\">\n\t\t\t\t\t\t<div class=\"elementor-container elementor-column-gap-default\">\n\t\t\t\t\t<div class=\"elementor-column elementor-col-100 elementor-top-column elementor-element elementor-element-3e26f578\" data-id=\"3e26f578\" data-element_type=\"column\">\n\t\t\t<div class=\"elementor-widget-wrap elementor-element-populated\">\n\t\t\t\t\t\t<section class=\"elementor-section elementor-inner-section elementor-element elementor-element-75fc157 bg-white shadow-lg rounded-xl overflow-hidden elementor-section-boxed elementor-section-height-default elementor-section-height-default\" data-id=\"75fc157\" data-element_type=\"section\">\n\t\t\t\t\t\t<div class=\"elementor-container elementor-column-gap-default\">\n\t\t\t\t\t<div class=\"elementor-column elementor-col-50 elementor-inner-column elementor-element elementor-element-78e3dd63\" data-id=\"78e3dd63\" data-element_type=\"column\">\n\t\t\t<div class=\"elementor-widget-wrap elementor-element-populated\">\n\t\t\t\t\t\t<div class=\"elementor-element elementor-element-9698c1a elementor-invisible elementor-widget elementor-widget-pix-badge\" data-id=\"9698c1a\" data-element_type=\"widget\" data-widget_type=\"pix-badge.default\">\n\t\t\t\t<div class=\"elementor-widget-container\">\n\t\t\t<h5 class=\"d-inline-block mr-1 animate-in\" data-anim-type=\"fade-in-up\" data-anim-delay=\"0\"><span class=\"badge font-weight-bold secondary-font bg-gray-2  \" style=\" \"><span class=\"text-heading-default\" style=\"\">SAM ITS<\/span><\/span><\/h5>\t\t<\/div>\n\t\t\t\t<\/div>\n\t\t\t\t<div class=\"elementor-element elementor-element-27d11be8 elementor-widget elementor-widget-pix-sliding-text\" data-id=\"27d11be8\" data-element_type=\"widget\" data-widget_type=\"pix-sliding-text.default\">\n\t\t\t\t<div class=\"elementor-widget-container\">\n\t\t\t<div class=\"mb-3 text-left \"><h2 class=\"mb-32 pix-sliding-headline font-weight-bold secondary-font\" data-class=\"text-dark-opacity-9\" data-style=\"\">Siamo guidati dall'IT.<\/h2><\/div>\t\t<\/div>\n\t\t\t\t<\/div>\n\t\t\t\t\t<\/div>\n\t\t<\/div>\n\t\t\t\t<div class=\"elementor-column elementor-col-50 elementor-inner-column elementor-element elementor-element-45361268\" data-id=\"45361268\" data-element_type=\"column\" data-settings=\"{&quot;background_background&quot;:&quot;classic&quot;}\">\n\t\t\t<div class=\"elementor-widget-wrap elementor-element-populated\">\n\t\t\t\t\t<div class=\"elementor-background-overlay\"><\/div>\n\t\t\t\t\t\t<div class=\"elementor-element elementor-element-7e6abb6e elementor-widget elementor-widget-spacer\" data-id=\"7e6abb6e\" data-element_type=\"widget\" data-widget_type=\"spacer.default\">\n\t\t\t\t<div class=\"elementor-widget-container\">\n\t\t\t\t\t<div class=\"elementor-spacer\">\n\t\t\t<div class=\"elementor-spacer-inner\"><\/div>\n\t\t<\/div>\n\t\t\t\t<\/div>\n\t\t\t\t<\/div>\n\t\t\t\t\t<\/div>\n\t\t<\/div>\n\t\t\t\t\t<\/div>\n\t\t<\/section>\n\t\t\t\t\t<\/div>\n\t\t<\/div>\n\t\t\t\t\t<\/div>\n\t\t<\/section>\n\t\t\t\t<section class=\"elementor-section elementor-top-section elementor-element elementor-element-79020fe8 elementor-section-stretched elementor-section-boxed elementor-section-height-default elementor-section-height-default\" data-id=\"79020fe8\" data-element_type=\"section\" data-settings=\"{&quot;stretch_section&quot;:&quot;section-stretched&quot;}\">\n\t\t\t\t\t\t<div class=\"elementor-container elementor-column-gap-default\">\n\t\t\t\t\t<div class=\"elementor-column elementor-col-100 elementor-top-column elementor-element elementor-element-2ddf20bf\" data-id=\"2ddf20bf\" data-element_type=\"column\">\n\t\t\t<div class=\"elementor-widget-wrap elementor-element-populated\">\n\t\t\t\t\t\t<section class=\"elementor-section elementor-inner-section elementor-element elementor-element-73105f8f bg-white shadow-lg shadow-hover-lg fly-sm rounded-xl elementor-section-full_width elementor-section-height-default elementor-section-height-default\" data-id=\"73105f8f\" data-element_type=\"section\">\n\t\t\t\t\t\t<div class=\"elementor-container elementor-column-gap-default\">\n\t\t\t\t\t<div class=\"elementor-column elementor-col-100 elementor-inner-column elementor-element elementor-element-41d5b449\" data-id=\"41d5b449\" data-element_type=\"column\">\n\t\t\t<div class=\"elementor-widget-wrap elementor-element-populated\">\n\t\t\t\t\t\t<div class=\"elementor-element elementor-element-04fc0ce elementor-widget elementor-widget-pix-sliding-text\" data-id=\"04fc0ce\" data-element_type=\"widget\" data-widget_type=\"pix-sliding-text.default\">\n\t\t\t\t<div class=\"elementor-widget-container\">\n\t\t\t<div class=\"mb-3 text-center \"><h3 class=\"mb-32 pix-sliding-headline font-weight-bold secondary-font\" data-class=\"text-dark-opacity-9\" data-style=\"\">SAM ITS & SAM Informatique<\/h3><\/div>\t\t<\/div>\n\t\t\t\t<\/div>\n\t\t\t\t<div class=\"elementor-element elementor-element-2c591aaa elementor-invisible elementor-widget elementor-widget-pix-text\" data-id=\"2c591aaa\" data-element_type=\"widget\" data-widget_type=\"pix-text.default\">\n\t\t\t\t<div class=\"elementor-widget-container\">\n\t\t\t<div class=\"slide-in-container w-100 text-center \" ><p class=\"  text-gradient-primary text-center font-weight-bold secondary-font\" ><span class=\"animate-in d-inline-block\" data-anim-delay=\"200\" data-anim-type=\"fade-in-up\">Non \u00e8 successo in un giorno<\/span><\/p><\/div>\t\t<\/div>\n\t\t\t\t<\/div>\n\t\t\t\t\t<\/div>\n\t\t<\/div>\n\t\t\t\t\t<\/div>\n\t\t<\/section>\n\t\t\t\t<div class=\"elementor-element elementor-element-27593635 elementor-invisible elementor-widget elementor-widget-pix-text\" data-id=\"27593635\" data-element_type=\"widget\" data-widget_type=\"pix-text.default\">\n\t\t\t\t<div class=\"elementor-widget-container\">\n\t\t\t<div class=\"slide-in-container w-100 text-left \" ><p class=\"  text-black text-left font-weight-bold\" ><span class=\"animate-in d-inline-block\" data-anim-delay=\"200\" data-anim-type=\"fade-in-up\">Con l'apertura di 5 nuove agenzie negli ultimi 2 anni, SAM Informatica offre ora in Francia e Lussemburgo i suoi servizi e le sue competenze ai professionisti delle PMI, alle autorit\u00e0 locali e alle associazioni.\n<br\/>Da 20 anni SAM Informatica instaura un rapporto di fiducia e assistenza con i propri clienti, coniugando reattivit\u00e0, qualit\u00e0 dei servizi e professionalit\u00e0. Ci\u00f2 soddisfacendo tutte le esigenze e le richieste in ambito IT, telecomunicazioni e sicurezza.\n<br\/><br\/>Solo all'inizio, Christian Di Giacomo pu\u00f2 attualmente contare sulla competenza dei suoi 40 dipendenti, per fornire consulenza e professionalit\u00e0 agli imprenditori.\nOggi SAM informatiqu\u00e8 \u00e8 pronta ad affacciarsi sul panorama italiano con l\u2019apertura di un punto a Roma pronto ad iniziare sperimentalmente con il Centro-Italia per poi affermarsi in tutto il territorio Nazionale come accaduto per l\u2019esperienza Francese.\n\n<br\/><br\/>Agente per l\u2019Italia: <strong>MARINO BALDINI<\/strong>\n<\/span><\/p><\/div>\t\t<\/div>\n\t\t\t\t<\/div>\n\t\t\t\t<div class=\"elementor-element elementor-element-373c286c elementor-widget elementor-widget-pix-levels\" data-id=\"373c286c\" data-element_type=\"widget\" data-widget_type=\"pix-levels.default\">\n\t\t\t\t<div class=\"elementor-widget-container\">\n\t\t\t<div class=\"row pix-levels mb-3 mb-sm-0 mx-0 \" style=\"border-bottom:0;\"><div class=\"col-xs-12 col-md-2 pix-levels-step complete px-0\">\n\t\t\t  <h6 class=\"text-center font-weight-bold secondary-font text-heading-default pb-3\" style=\"\">2001<\/h6>\n\t\t\t  <div class=\"position-relative w-100 text-center mb-3\">\n\t\t\t\t  <div class=\"progress bg-gray-2\" ><div class=\"progress-bar bg-gradient-primary\" ><\/div><\/div>\n\t\t\t\t  <div class=\"pix-leveles-dot-div\"><span class=\"pix-levels-dot bg-gradient-primary\" >\n\t\t\t\t\t\t\t\t\t\t  <span class=\"pix-levels-dot-inner bg-dark-opacity-3\"><\/span>\n\t\t\t\t\t\t\t\t\t  <\/span><\/div>\n\t\t\t  <\/div><p class=\"text-center pix-p-10 text-gray-6\" >Creazione di SAM Informatique<\/p><\/div><div class=\"col-xs-12 col-md-2 pix-levels-step complete px-0\">\n\t\t\t  <h6 class=\"text-center font-weight-bold secondary-font text-heading-default pb-3\" style=\"\">2011<\/h6>\n\t\t\t  <div class=\"position-relative w-100 text-center mb-3\">\n\t\t\t\t  <div class=\"progress bg-gray-2\" ><div class=\"progress-bar bg-gradient-primary\" ><\/div><\/div>\n\t\t\t\t  <div class=\"pix-leveles-dot-div\"><span class=\"pix-levels-dot bg-gradient-primary\" >\n\t\t\t\t\t\t\t\t\t\t  <span class=\"pix-levels-dot-inner bg-dark-opacity-3\"><\/span>\n\t\t\t\t\t\t\t\t\t  <\/span><\/div>\n\t\t\t  <\/div><p class=\"text-center pix-p-10 text-gray-6\" >La sinergia delle tre aree<\/p><\/div><div class=\"col-xs-12 col-md-2 pix-levels-step complete px-0\">\n\t\t\t  <h6 class=\"text-center font-weight-bold secondary-font text-heading-default pb-3\" style=\"\">2015<\/h6>\n\t\t\t  <div class=\"position-relative w-100 text-center mb-3\">\n\t\t\t\t  <div class=\"progress bg-gray-2\" ><div class=\"progress-bar bg-gradient-primary\" ><\/div><\/div>\n\t\t\t\t  <div class=\"pix-leveles-dot-div\"><span class=\"pix-levels-dot bg-gradient-primary\" >\n\t\t\t\t\t\t\t\t\t\t  <span class=\"pix-levels-dot-inner bg-dark-opacity-3\"><\/span>\n\t\t\t\t\t\t\t\t\t  <\/span><\/div>\n\t\t\t  <\/div><p class=\"text-center pix-p-10 text-gray-6\" >Apertura di un data center<\/p><\/div><div class=\"col-xs-12 col-md-2 pix-levels-step complete px-0\">\n\t\t\t  <h6 class=\"text-center font-weight-bold secondary-font text-heading-default pb-3\" style=\"\">2017<\/h6>\n\t\t\t  <div class=\"position-relative w-100 text-center mb-3\">\n\t\t\t\t  <div class=\"progress bg-gray-2\" ><div class=\"progress-bar bg-gradient-primary\" ><\/div><\/div>\n\t\t\t\t  <div class=\"pix-leveles-dot-div\"><span class=\"pix-levels-dot bg-gradient-primary\" >\n\t\t\t\t\t\t\t\t\t\t  <span class=\"pix-levels-dot-inner bg-dark-opacity-3\"><\/span>\n\t\t\t\t\t\t\t\t\t  <\/span><\/div>\n\t\t\t  <\/div><p class=\"text-center pix-p-10 text-gray-6\" >Apertura della filiale di Nancy<\/p><\/div><div class=\"col-xs-12 col-md-2 pix-levels-step complete px-0\">\n\t\t\t  <h6 class=\"text-center font-weight-bold secondary-font text-heading-default pb-3\" style=\"\">2018<\/h6>\n\t\t\t  <div class=\"position-relative w-100 text-center mb-3\">\n\t\t\t\t  <div class=\"progress bg-gray-2\" ><div class=\"progress-bar bg-gradient-primary\" ><\/div><\/div>\n\t\t\t\t  <div class=\"pix-leveles-dot-div\"><span class=\"pix-levels-dot bg-gradient-primary\" >\n\t\t\t\t\t\t\t\t\t\t  <span class=\"pix-levels-dot-inner bg-dark-opacity-3\"><\/span>\n\t\t\t\t\t\t\t\t\t  <\/span><\/div>\n\t\t\t  <\/div><p class=\"text-center pix-p-10 text-gray-6\" >Apertura del negozio online<\/p><\/div><div class=\"col-xs-12 col-md-2 pix-levels-step complete px-0\">\n\t\t\t  <h6 class=\"text-center font-weight-bold secondary-font text-heading-default pb-3\" style=\"\">2020<\/h6>\n\t\t\t  <div class=\"position-relative w-100 text-center mb-3\">\n\t\t\t\t  <div class=\"progress bg-gray-2\" ><div class=\"progress-bar bg-gradient-primary\" ><\/div><\/div>\n\t\t\t\t  <div class=\"pix-leveles-dot-div\"><span class=\"pix-levels-dot bg-gradient-primary\" >\n\t\t\t\t\t\t\t\t\t\t  <span class=\"pix-levels-dot-inner bg-dark-opacity-3\"><\/span>\n\t\t\t\t\t\t\t\t\t  <\/span><\/div>\n\t\t\t  <\/div><p class=\"text-center pix-p-10 text-gray-6\" >Apertura di 3 nuove filiali in Francia e SAM ITS in Italia<\/p><\/div><\/div>\t\t<\/div>\n\t\t\t\t<\/div>\n\t\t\t\t\t<\/div>\n\t\t<\/div>\n\t\t\t\t\t<\/div>\n\t\t<\/section>\n\t\t\t\t<section class=\"elementor-section elementor-top-section elementor-element elementor-element-4384182e elementor-section-stretched elementor-section-full_width elementor-section-height-default elementor-section-height-default\" data-id=\"4384182e\" data-element_type=\"section\" data-settings=\"{&quot;stretch_section&quot;:&quot;section-stretched&quot;,&quot;background_background&quot;:&quot;classic&quot;}\">\n\t\t\t\t\t\t<div class=\"elementor-container elementor-column-gap-no\">\n\t\t\t\t\t<div class=\"elementor-column elementor-col-100 elementor-top-column elementor-element elementor-element-7c843bb6\" data-id=\"7c843bb6\" data-element_type=\"column\">\n\t\t\t<div class=\"elementor-widget-wrap elementor-element-populated\">\n\t\t\t\t\t\t<div class=\"elementor-element elementor-element-660fbbe3 elementor-widget elementor-widget-pix-dividers\" data-id=\"660fbbe3\" data-element_type=\"widget\" data-widget_type=\"pix-dividers.default\">\n\t\t\t\t<div class=\"elementor-widget-container\">\n\t\t\t<div class=\"pix-divider  position-relative pix-bottom-divider\" data-style=\"style-17\" style=\"bottom:-1px;\"><svg xmlns=\"http:\/\/www.w3.org\/2000\/svg\" width=\"100%\" height=\"500px\" viewBox=\"0 0 1200 480\" preserveAspectRatio=\"none\"><path fill=\"url(#divider-pix-accordion-340956-bottom-overlay-layer-3)\" d=\"M0,480 L0,128 C650.666667,262.933333 1050.66667,220.266667 1200,0 L1200,480 L0,480 Z\" \/><path fill=\"url(#divider-pix-accordion-340956-bottom-overlay-layer-2)\" d=\"M0,480 L0,274.666667 C722.666667,350.933333 1122.66667,266.044444 1200,20 L1200,480 L0,480 Z\"  \/><path fill=\"#ffffff\" d=\"M0,480 L0,421.333333 C800,421.333333 1200,294.222222 1200,40 L1200,480 L0,480 Z\"\/><defs><linearGradient id=\"divider-pix-accordion-340956-bottom-overlay-layer-3\" x1=\"0%\" y1=\"0%\" x2=\"100%\" y2=\"0%\"><stop offset=\"0%\"   stop-color=\"#E9ECEF\"\/><stop offset=\"100%\"   stop-color=\"#DEE2E6\"\/><\/linearGradient><linearGradient id=\"divider-pix-accordion-340956-bottom-overlay-layer-2\" x1=\"0%\" y1=\"0%\" x2=\"100%\" y2=\"0%\"><stop offset=\"0%\"   stop-color=\"rgba(255, 255, 255, 0.7)\"\/><stop offset=\"100%\"   stop-color=\"rgba(255, 255, 255, 0.7)\"\/><\/linearGradient><\/defs><\/svg><\/div>\t\t<\/div>\n\t\t\t\t<\/div>\n\t\t\t\t\t<\/div>\n\t\t<\/div>\n\t\t\t\t\t<\/div>\n\t\t<\/section>\n\t\t\t\t<\/div>\n\t\t","protected":false},"excerpt":{"rendered":"<p>SAM ITS Siamo guidati dall&rsquo;IT. SAM ITS &#038; SAM Informatique Non \u00e8 successo in un giorno Con l&rsquo;apertura di 5 nuove agenzie negli ultimi 2 anni, SAM Informatica offre ora in Francia e Lussemburgo i suoi servizi e le sue&#8230;<\/p>\n","protected":false},"author":1,"featured_media":0,"parent":0,"menu_order":0,"comment_status":"closed","ping_status":"closed","template":"","meta":{"footnotes":""},"class_list":["post-3331","page","type-page","status-publish","hentry"],"_links":{"self":[{"href":"https:\/\/sam-its.com\/index.php?rest_route=\/wp\/v2\/pages\/3331"}],"collection":[{"href":"https:\/\/sam-its.com\/index.php?rest_route=\/wp\/v2\/pages"}],"about":[{"href":"https:\/\/sam-its.com\/index.php?rest_route=\/wp\/v2\/types\/page"}],"author":[{"embeddable":true,"href":"https:\/\/sam-its.com\/index.php?rest_route=\/wp\/v2\/users\/1"}],"replies":[{"embeddable":true,"href":"https:\/\/sam-its.com\/index.php?rest_route=%2Fwp%2Fv2%2Fcomments&post=3331"}],"version-history":[{"count":16,"href":"https:\/\/sam-its.com\/index.php?rest_route=\/wp\/v2\/pages\/3331\/revisions"}],"predecessor-version":[{"id":3710,"href":"https:\/\/sam-its.com\/index.php?rest_route=\/wp\/v2\/pages\/3331\/revisions\/3710"}],"wp:attachment":[{"href":"https:\/\/sam-its.com\/index.php?rest_route=%2Fwp%2Fv2%2Fmedia&parent=3331"}],"curies":[{"name":"wp","href":"https:\/\/api.w.org\/{rel}","templated":true}]}}