{"id":3607,"date":"2020-10-14T19:17:57","date_gmt":"2020-10-14T17:17:57","guid":{"rendered":"http:\/\/sam-its.com\/?page_id=3607"},"modified":"2020-10-15T11:02:40","modified_gmt":"2020-10-15T09:02:40","slug":"sicurezza","status":"publish","type":"page","link":"https:\/\/sam-its.com\/?page_id=3607","title":{"rendered":"Sicurezza"},"content":{"rendered":"\t\t<div data-elementor-type=\"wp-page\" data-elementor-id=\"3607\" class=\"elementor elementor-3607\" data-elementor-post-type=\"page\">\n\t\t\t\t\t\t<section class=\"elementor-section elementor-top-section elementor-element elementor-element-4ea11e5b elementor-section-stretched elementor-section-full_width elementor-section-height-default elementor-section-height-default\" data-id=\"4ea11e5b\" data-element_type=\"section\" data-settings=\"{&quot;stretch_section&quot;:&quot;section-stretched&quot;,&quot;background_background&quot;:&quot;classic&quot;}\">\n\t\t\t\t\t\t\t<div class=\"elementor-background-overlay\"><\/div>\n\t\t\t\t\t\t\t<div class=\"elementor-container elementor-column-gap-default\">\n\t\t\t\t\t<div class=\"elementor-column elementor-col-100 elementor-top-column elementor-element elementor-element-4482469b\" data-id=\"4482469b\" data-element_type=\"column\">\n\t\t\t<div class=\"elementor-widget-wrap elementor-element-populated\">\n\t\t\t\t\t\t<section class=\"elementor-section elementor-inner-section elementor-element elementor-element-5f425519 elementor-section-boxed elementor-section-height-default elementor-section-height-default\" data-id=\"5f425519\" data-element_type=\"section\">\n\t\t\t\t\t\t<div class=\"elementor-container elementor-column-gap-default\">\n\t\t\t\t\t<div class=\"elementor-column elementor-col-100 elementor-inner-column elementor-element elementor-element-47a55f78\" data-id=\"47a55f78\" data-element_type=\"column\">\n\t\t\t<div class=\"elementor-widget-wrap elementor-element-populated\">\n\t\t\t\t\t\t<div class=\"elementor-element elementor-element-1e4ed33 elementor-invisible elementor-widget elementor-widget-pix-badge\" data-id=\"1e4ed33\" data-element_type=\"widget\" data-widget_type=\"pix-badge.default\">\n\t\t\t\t<div class=\"elementor-widget-container\">\n\t\t\t<div class=\"pix-element-div w-100 text-center\"><h5 class=\"d-inline-block mr-1 animate-in\" data-anim-type=\"fade-in-up\" data-anim-delay=\"0\"><span class=\"badge font-weight-bold secondary-font bg-dark-opacity-2  \" style=\" \"><span class=\"text-white\" style=\"\">SAM ITS<\/span><\/span><\/h5><\/div>\t\t<\/div>\n\t\t\t\t<\/div>\n\t\t\t\t<div class=\"elementor-element elementor-element-4369192b elementor-widget elementor-widget-pix-sliding-text\" data-id=\"4369192b\" data-element_type=\"widget\" data-widget_type=\"pix-sliding-text.default\">\n\t\t\t\t<div class=\"elementor-widget-container\">\n\t\t\t<div class=\"mb-3 text-center \"><h1 class=\"mb-32 pix-sliding-headline font-weight-bold secondary-font\" data-class=\"text-white\" data-style=\"\">Sicurezza<\/h1><\/div>\t\t<\/div>\n\t\t\t\t<\/div>\n\t\t\t\t\t<\/div>\n\t\t<\/div>\n\t\t\t\t\t<\/div>\n\t\t<\/section>\n\t\t\t\t<div class=\"elementor-element elementor-element-26d7db7c elementor-invisible elementor-widget elementor-widget-pix-text\" data-id=\"26d7db7c\" data-element_type=\"widget\" data-widget_type=\"pix-text.default\">\n\t\t\t\t<div class=\"elementor-widget-container\">\n\t\t\t<div class=\"slide-in-container w-100 text-center \" ><p class=\"text-20 m-0 text-light-opacity-8 text-center \" ><span class=\"animate-in d-inline-block\" data-anim-delay=\"200\" data-anim-type=\"fade-in-up\">Un team dedicato alla protezione della tua azienda e delle tue  propriet\u00e0<\/span><\/p><\/div>\t\t<\/div>\n\t\t\t\t<\/div>\n\t\t\t\t<section class=\"elementor-section elementor-inner-section elementor-element elementor-element-72a96780 elementor-section-boxed elementor-section-height-default elementor-section-height-default\" data-id=\"72a96780\" data-element_type=\"section\">\n\t\t\t\t\t\t<div class=\"elementor-container elementor-column-gap-wider\">\n\t\t\t\t\t<div class=\"elementor-column elementor-col-33 elementor-inner-column elementor-element elementor-element-75f0bf7\" data-id=\"75f0bf7\" data-element_type=\"column\" data-settings=\"{&quot;background_background&quot;:&quot;classic&quot;}\">\n\t\t\t<div class=\"elementor-widget-wrap elementor-element-populated\">\n\t\t\t\t\t\t<div class=\"elementor-element elementor-element-12d072ef rounded-xl overflow-hidden shadow-lg elementor-invisible elementor-widget elementor-widget-pix-feature\" data-id=\"12d072ef\" data-element_type=\"widget\" data-widget_type=\"pix-feature.default\">\n\t\t\t\t<div class=\"elementor-widget-container\">\n\t\t\t<div class=\"text-left \"><div class=\"d-inline-block text-primary animate-in\" data-anim-type=\"fade-in-up\" data-anim-delay=\"0\" style=\"width:64.8px;height:64.8px;position:relative;line-height:64.8px;text-align:center;\"><span style=\"display:inline-block;font-size:36px;line-height:36px;\">\n<svg width=\"100%\" height=\"100%\" viewBox=\"0 0 24 24\" version=\"1.1\" xmlns=\"http:\/\/www.w3.org\/2000\/svg\" xmlns:xlink=\"http:\/\/www.w3.org\/1999\/xlink\">\n\n\n    \n    <defs><\/defs>\n    <g stroke=\"none\" stroke-width=\"1\" fill=\"none\" fill-rule=\"evenodd\">\n        \n        <rect id=\"Rectangle-7\" fill=\"#000000\" opacity=\"0.3\" x=\"4\" y=\"4\" width=\"4\" height=\"4\" rx=\"2\"><\/rect>\n        <rect id=\"Rectangle-7-Copy-3\" fill=\"#000000\" x=\"4\" y=\"10\" width=\"4\" height=\"4\" rx=\"2\"><\/rect>\n        <rect id=\"Rectangle-7-Copy\" fill=\"#000000\" x=\"10\" y=\"4\" width=\"4\" height=\"4\" rx=\"2\"><\/rect>\n        <rect id=\"Rectangle-7-Copy-4\" fill=\"#000000\" x=\"10\" y=\"10\" width=\"4\" height=\"4\" rx=\"2\"><\/rect>\n        <rect id=\"Rectangle-7-Copy-2\" fill=\"#000000\" x=\"16\" y=\"4\" width=\"4\" height=\"4\" rx=\"2\"><\/rect>\n        <rect id=\"Rectangle-7-Copy-5\" fill=\"#000000\" x=\"16\" y=\"10\" width=\"4\" height=\"4\" rx=\"2\"><\/rect>\n        <rect id=\"Rectangle-7-Copy-8\" fill=\"#000000\" x=\"4\" y=\"16\" width=\"4\" height=\"4\" rx=\"2\"><\/rect>\n        <rect id=\"Rectangle-7-Copy-7\" fill=\"#000000\" x=\"10\" y=\"16\" width=\"4\" height=\"4\" rx=\"2\"><\/rect>\n        <rect id=\"Rectangle-7-Copy-6\" fill=\"#000000\" x=\"16\" y=\"16\" width=\"4\" height=\"4\" rx=\"2\"><\/rect>\n    <\/g>\n<\/svg><\/span><\/div><h6 class=\"font-weight-bold   text-heading-default animate-in\" style=\"padding-top:20px;\" data-anim-type=\"fade-in-up\" data-anim-delay=\"100\">CONTROLLO ACCESSI E AUTOMAZIONE<\/h6><div class=\"text-gray-6      animate-in\" style=\"padding-top:10px;\" data-anim-type=\"fade-in-up\" data-anim-delay=\"200\">\u2014 Le nostre soluzioni di controllo accessi consentono di organizzare il flusso di persone e gestire selettivamente l'accessibilit\u00e0 delle aree ad esempio limitando l'accesso alle aree sensibili e \/ o registrare le persone e i loro movimenti Gestione chiavi e accessi.<br \/> \u2014 Armadio intelligente - GSM \/ IP \/ Interfono radio - Motorizzazione di tutti i tuoi accessi (cancello, portone ingresso)<br \/> \u2014 Controllo degli accessi delle tue porte<br \/><\/div><\/div>\t\t<\/div>\n\t\t\t\t<\/div>\n\t\t\t\t\t<\/div>\n\t\t<\/div>\n\t\t\t\t<div class=\"elementor-column elementor-col-33 elementor-inner-column elementor-element elementor-element-2e87a431\" data-id=\"2e87a431\" data-element_type=\"column\" data-settings=\"{&quot;background_background&quot;:&quot;classic&quot;}\">\n\t\t\t<div class=\"elementor-widget-wrap elementor-element-populated\">\n\t\t\t\t\t\t<div class=\"elementor-element elementor-element-65009c4 rounded-xl overflow-hidden shadow-lg elementor-invisible elementor-widget elementor-widget-pix-feature\" data-id=\"65009c4\" data-element_type=\"widget\" data-widget_type=\"pix-feature.default\">\n\t\t\t\t<div class=\"elementor-widget-container\">\n\t\t\t<div class=\"text-left \"><div class=\"d-inline-block text-primary animate-in\" data-anim-type=\"fade-in-up\" data-anim-delay=\"0\" style=\"width:64.8px;height:64.8px;position:relative;line-height:64.8px;text-align:center;\"><span style=\"display:inline-block;font-size:36px;line-height:36px;\">\n<svg width=\"100%\" height=\"100%\" viewBox=\"0 0 24 24\" version=\"1.1\" xmlns=\"http:\/\/www.w3.org\/2000\/svg\" xmlns:xlink=\"http:\/\/www.w3.org\/1999\/xlink\">\n\n\n    \n    <defs><\/defs>\n    <g stroke=\"none\" stroke-width=\"1\" fill=\"none\" fill-rule=\"evenodd\">\n        \n        <path d=\"M3,12 C3,12 5.45454545,6 12,6 C16.9090909,6 21,12 21,12 C21,12 16.9090909,18 12,18 C5.45454545,18 3,12 3,12 Z\" fill=\"#000000\" fill-rule=\"nonzero\" opacity=\"0.3\"><\/path>\n        <path d=\"M12,15 C10.3431458,15 9,13.6568542 9,12 C9,10.3431458 10.3431458,9 12,9 C13.6568542,9 15,10.3431458 15,12 C15,13.6568542 13.6568542,15 12,15 Z\" fill=\"#000000\" opacity=\"0.3\"><\/path>\n    <\/g>\n<\/svg><\/span><\/div><h6 class=\"font-weight-bold   text-heading-default animate-in\" style=\"padding-top:20px;\" data-anim-type=\"fade-in-up\" data-anim-delay=\"100\">ALLARME ANTI INTRUSIONE<\/h6><div class=\"text-gray-6      animate-in\" style=\"padding-top:10px;\" data-anim-type=\"fade-in-up\" data-anim-delay=\"200\">\u2028Terziario, industriale, privato, agricolo Ti offriamo una gamma di allarmi cablato e \/ o radio secondo gli standard NFA2P che gestire da remoto tramite smartphone Partner Securitas: la soluzione confezionata di monitoraggio remoto per la tua casa da 29,99 \u20ac HT \/ mese in cui l'attrezzatura appartiene a te al termine dell'incarico (vedi condizioni)<\/div><\/div>\t\t<\/div>\n\t\t\t\t<\/div>\n\t\t\t\t\t<\/div>\n\t\t<\/div>\n\t\t\t\t<div class=\"elementor-column elementor-col-33 elementor-inner-column elementor-element elementor-element-20b0143f\" data-id=\"20b0143f\" data-element_type=\"column\" data-settings=\"{&quot;background_background&quot;:&quot;classic&quot;}\">\n\t\t\t<div class=\"elementor-widget-wrap elementor-element-populated\">\n\t\t\t\t\t\t<div class=\"elementor-element elementor-element-5bcd4fe5 rounded-xl overflow-hidden shadow-lg elementor-invisible elementor-widget elementor-widget-pix-feature\" data-id=\"5bcd4fe5\" data-element_type=\"widget\" data-widget_type=\"pix-feature.default\">\n\t\t\t\t<div class=\"elementor-widget-container\">\n\t\t\t<div class=\"text-left \"><div class=\"d-inline-block text-primary animate-in\" data-anim-type=\"fade-in-up\" data-anim-delay=\"0\" style=\"width:64.8px;height:64.8px;position:relative;line-height:64.8px;text-align:center;\"><span style=\"display:inline-block;font-size:36px;line-height:36px;\">\n<svg width=\"100%\" height=\"100%\" viewBox=\"0 0 24 24\" version=\"1.1\" xmlns=\"http:\/\/www.w3.org\/2000\/svg\" xmlns:xlink=\"http:\/\/www.w3.org\/1999\/xlink\">\n\n\n    \n    <defs><\/defs>\n    <g stroke=\"none\" stroke-width=\"1\" fill=\"none\" fill-rule=\"evenodd\">\n        \n        <path d=\"M17,20 L17,12 C17,9.23857625 14.7614237,7 12,7 C9.23857625,7 7,9.23857625 7,12 L7,20 L5,20 C3.8954305,20 3,19.1045695 3,18 L3,6 C3,4.8954305 3.8954305,4 5,4 L19,4 C20.1045695,4 21,4.8954305 21,6 L21,18 C21,19.1045695 20.1045695,20 19,20 L17,20 Z\" fill=\"#000000\" opacity=\"0.3\"><\/path>\n        <path d=\"M12.9717525,11.7005668 C12.8097937,13.3201542 12.3239175,14.1866868 11.5141238,14.3001646 C11.5141238,14.3001646 12.2429381,11.4576287 11.2711857,10 C11.2711857,10 11.1681401,11.5618236 10.126941,13.4359819 C9.63887975,14.3144921 9.08474261,14.9067082 9.08474261,16.0734529 C9.08474261,17.7393714 10.7908674,18.6003292 12.002779,18.6003292 C13.2146906,18.6003292 14.9152574,18.0172577 14.9152574,15.9765075 C14.9152574,15.1373628 14.2674224,13.7120493 12.9717525,11.7005668 Z\" id=\"Path-17\" fill=\"#000000\"><\/path>\n    <\/g>\n<\/svg><\/span><\/div><h6 class=\"font-weight-bold   text-heading-default animate-in\" style=\"padding-top:20px;\" data-anim-type=\"fade-in-up\" data-anim-delay=\"100\">RILEVAZIONE INCENDI \/ PTE<\/h6><div class=\"text-gray-6      animate-in\" style=\"padding-top:10px;\" data-anim-type=\"fade-in-up\" data-anim-delay=\"200\">Proteggi il tuo stabilimento dai rischi di incendio Offriamo la nostra esperienza alle imprese e comunit\u00e0 per la diagnosi e l'implementazione di soluzioni conformi alle regole APSAD R4-R5-R17. Noi sono in grado di dotare i tuoi siti di centrali elettriche tipiche 4,3,2A, 2B e 1.<\/div><\/div>\t\t<\/div>\n\t\t\t\t<\/div>\n\t\t\t\t\t<\/div>\n\t\t<\/div>\n\t\t\t\t\t<\/div>\n\t\t<\/section>\n\t\t\t\t\t<\/div>\n\t\t<\/div>\n\t\t\t\t\t<\/div>\n\t\t<\/section>\n\t\t\t\t<section class=\"elementor-section elementor-top-section elementor-element elementor-element-2f193ac9 elementor-section-stretched elementor-section-boxed elementor-section-height-default elementor-section-height-default\" data-id=\"2f193ac9\" data-element_type=\"section\" data-settings=\"{&quot;stretch_section&quot;:&quot;section-stretched&quot;,&quot;background_background&quot;:&quot;classic&quot;}\">\n\t\t\t\t\t\t<div class=\"elementor-container elementor-column-gap-default\">\n\t\t\t\t\t<div class=\"elementor-column elementor-col-50 elementor-top-column elementor-element elementor-element-42158e7e\" data-id=\"42158e7e\" data-element_type=\"column\">\n\t\t\t<div class=\"elementor-widget-wrap elementor-element-populated\">\n\t\t\t\t\t\t<div class=\"elementor-element elementor-element-598944aa elementor-invisible elementor-widget elementor-widget-pix-heading\" data-id=\"598944aa\" data-element_type=\"widget\" data-widget_type=\"pix-heading.default\">\n\t\t\t\t<div class=\"elementor-widget-container\">\n\t\t\t<div  class=\"text-left \"><div><div class=\"slide-in-container\"><h2 class=\"text-dark-opacity-9 font-weight-bold animate-in mb-1\" style=\"background-image:url() !important;\" data-anim-type=\"fade-in-up\" data-anim-delay=\"200\">Per te e per i tuoi dipendenti<\/h2><\/div><\/div><\/div>\t\t<\/div>\n\t\t\t\t<\/div>\n\t\t\t\t<section class=\"elementor-section elementor-inner-section elementor-element elementor-element-58b4d44a shadow-sm bg-white fly-sm rounded-xl animated-fast elementor-section-boxed elementor-section-height-default elementor-section-height-default elementor-invisible\" data-id=\"58b4d44a\" data-element_type=\"section\" data-settings=\"{&quot;animation&quot;:&quot;fadeInUp&quot;,&quot;animation_delay&quot;:400}\">\n\t\t\t\t\t\t<div class=\"elementor-container elementor-column-gap-default\">\n\t\t\t\t\t<div class=\"elementor-column elementor-col-100 elementor-inner-column elementor-element elementor-element-158398d\" data-id=\"158398d\" data-element_type=\"column\">\n\t\t\t<div class=\"elementor-widget-wrap elementor-element-populated\">\n\t\t\t\t\t\t<div class=\"elementor-element elementor-element-6141ad93 elementor-invisible elementor-widget elementor-widget-pix-feature\" data-id=\"6141ad93\" data-element_type=\"widget\" data-widget_type=\"pix-feature.default\">\n\t\t\t\t<div class=\"elementor-widget-container\">\n\t\t\t<div class=\"media \"><div class=\"mr-3 text-primary animate-in\" data-anim-type=\"fade-in-up\" data-anim-delay=\"600\" style=\"width:64.8px;height:64.8px;position:relative;line-height:64.8px;text-align:center;\">\n<svg width=\"100%\" height=\"100%\" viewBox=\"0 0 24 24\" version=\"1.1\" xmlns=\"http:\/\/www.w3.org\/2000\/svg\" xmlns:xlink=\"http:\/\/www.w3.org\/1999\/xlink\">\n\n\n    \n    <defs><\/defs>\n    <g stroke=\"none\" stroke-width=\"1\" fill=\"none\" fill-rule=\"evenodd\">\n        \n        <path d=\"M4,4 L11.6314229,2.5691082 C11.8750185,2.52343403 12.1249815,2.52343403 12.3685771,2.5691082 L20,4 L20,13.2830094 C20,16.2173861 18.4883464,18.9447835 16,20.5 L12.5299989,22.6687507 C12.2057287,22.8714196 11.7942713,22.8714196 11.4700011,22.6687507 L8,20.5 C5.51165358,18.9447835 4,16.2173861 4,13.2830094 L4,4 Z\" fill=\"#000000\" opacity=\"0.3\"><\/path>\n        <path d=\"M12,11 C10.8954305,11 10,10.1045695 10,9 C10,7.8954305 10.8954305,7 12,7 C13.1045695,7 14,7.8954305 14,9 C14,10.1045695 13.1045695,11 12,11 Z\" fill=\"#000000\" opacity=\"0.3\"><\/path>\n        <path d=\"M7.00036205,16.4995035 C7.21569918,13.5165724 9.36772908,12 11.9907452,12 C14.6506758,12 16.8360465,13.4332455 16.9988413,16.5 C17.0053266,16.6221713 16.9988413,17 16.5815,17 C14.5228466,17 11.463736,17 7.4041679,17 C7.26484009,17 6.98863236,16.6619875 7.00036205,16.4995035 Z\" fill=\"#000000\" opacity=\"0.3\"><\/path>\n    <\/g>\n<\/svg><\/div><div class=\"media-body\"><h5 class=\"font-weight-bold   text-heading-default animate-in \" style=\"\" data-anim-type=\"fade-in-up\" data-anim-delay=\"700\">LAVORATORE ISOLATO.<\/h5><div class=\"text-gray-6      animate-in\" style=\"padding-top:10px;\" data-anim-type=\"fade-in-up\" data-anim-delay=\"800\">Le nostre soluzioni complete per la protezione dei lavoratori isolato. Codice del lavoro Articolo L 4121-1 Il datore di lavoro deve prendere le misure necessarie per garantire la sicurezza e proteggere la salute dei lavoratori, in particolare da al posto di un'organizzazione e mezzi appropriati<\/div><\/div><\/div>\t\t<\/div>\n\t\t\t\t<\/div>\n\t\t\t\t\t<\/div>\n\t\t<\/div>\n\t\t\t\t\t<\/div>\n\t\t<\/section>\n\t\t\t\t\t<\/div>\n\t\t<\/div>\n\t\t\t\t<div class=\"elementor-column elementor-col-50 elementor-top-column elementor-element elementor-element-622e13cc\" data-id=\"622e13cc\" data-element_type=\"column\">\n\t\t\t<div class=\"elementor-widget-wrap elementor-element-populated\">\n\t\t\t\t\t\t<section class=\"elementor-section elementor-inner-section elementor-element elementor-element-3b150910 shadow-sm bg-white fly-sm rounded-xl animated-fast elementor-section-boxed elementor-section-height-default elementor-section-height-default elementor-invisible\" data-id=\"3b150910\" data-element_type=\"section\" data-settings=\"{&quot;animation&quot;:&quot;fadeInUp&quot;,&quot;animation_delay&quot;:400}\">\n\t\t\t\t\t\t<div class=\"elementor-container elementor-column-gap-default\">\n\t\t\t\t\t<div class=\"elementor-column elementor-col-100 elementor-inner-column elementor-element elementor-element-7b29a089\" data-id=\"7b29a089\" data-element_type=\"column\">\n\t\t\t<div class=\"elementor-widget-wrap elementor-element-populated\">\n\t\t\t\t\t\t<div class=\"elementor-element elementor-element-5aba7110 elementor-invisible elementor-widget elementor-widget-pix-feature\" data-id=\"5aba7110\" data-element_type=\"widget\" data-widget_type=\"pix-feature.default\">\n\t\t\t\t<div class=\"elementor-widget-container\">\n\t\t\t<div class=\"media \"><div class=\"mr-3 text-primary animate-in\" data-anim-type=\"fade-in-up\" data-anim-delay=\"600\" style=\"width:64.8px;height:64.8px;position:relative;line-height:64.8px;text-align:center;\">\n<svg width=\"100%\" height=\"100%\" viewBox=\"0 0 24 24\" version=\"1.1\" xmlns=\"http:\/\/www.w3.org\/2000\/svg\" xmlns:xlink=\"http:\/\/www.w3.org\/1999\/xlink\">\n\n\n    \n    <defs><\/defs>\n    <g stroke=\"none\" stroke-width=\"1\" fill=\"none\" fill-rule=\"evenodd\">\n        \n        <rect fill=\"#000000\" x=\"2\" y=\"6\" width=\"13\" height=\"12\" rx=\"2\"><\/rect>\n        <path d=\"M22,8.4142119 L22,15.5857848 C22,16.1380695 21.5522847,16.5857848 21,16.5857848 C20.7347833,16.5857848 20.4804293,16.4804278 20.2928929,16.2928912 L16.7071064,12.7071013 C16.3165823,12.3165768 16.3165826,11.6834118 16.7071071,11.2928877 L20.2928936,7.70710477 C20.683418,7.31658067 21.316583,7.31658098 21.7071071,7.70710546 C21.8946433,7.89464181 22,8.14899558 22,8.4142119 Z\" id=\"Path-2\" fill=\"#000000\" opacity=\"0.3\"><\/path>\n    <\/g>\n<\/svg><\/div><div class=\"media-body\"><h5 class=\"font-weight-bold   text-heading-default animate-in \" style=\"\" data-anim-type=\"fade-in-up\" data-anim-delay=\"700\">VIDEO PROTEZIONE<\/h5><div class=\"text-gray-6      animate-in\" style=\"padding-top:10px;\" data-anim-type=\"fade-in-up\" data-anim-delay=\"800\">Proteggi i tuoi spazi (negozi, parcheggi, hangar, municipio, casa residenziale, hotel) con un sistema efficiente installato da professionisti della sicurezza e della rete. Ci sono molte soluzioni a tua disposizione come telecamere per la lettura di lastre ad alta definizione, cupole termiche, motorizzate, telecamere con contatore passaggi, ecc ...<\/div><\/div><\/div>\t\t<\/div>\n\t\t\t\t<\/div>\n\t\t\t\t\t<\/div>\n\t\t<\/div>\n\t\t\t\t\t<\/div>\n\t\t<\/section>\n\t\t\t\t<section class=\"elementor-section elementor-inner-section elementor-element elementor-element-1ab579e7 shadow-sm bg-white fly-sm rounded-xl animated-fast elementor-section-boxed elementor-section-height-default elementor-section-height-default elementor-invisible\" data-id=\"1ab579e7\" data-element_type=\"section\" data-settings=\"{&quot;animation&quot;:&quot;fadeInUp&quot;,&quot;animation_delay&quot;:400}\">\n\t\t\t\t\t\t<div class=\"elementor-container elementor-column-gap-default\">\n\t\t\t\t\t<div class=\"elementor-column elementor-col-100 elementor-inner-column elementor-element elementor-element-11ac0df6\" data-id=\"11ac0df6\" data-element_type=\"column\">\n\t\t\t<div class=\"elementor-widget-wrap elementor-element-populated\">\n\t\t\t\t\t\t<div class=\"elementor-element elementor-element-b5ca0a6 elementor-invisible elementor-widget elementor-widget-pix-feature\" data-id=\"b5ca0a6\" data-element_type=\"widget\" data-widget_type=\"pix-feature.default\">\n\t\t\t\t<div class=\"elementor-widget-container\">\n\t\t\t<div class=\"media \"><div class=\"mr-3 text-primary animate-in\" data-anim-type=\"fade-in-up\" data-anim-delay=\"600\" style=\"width:64.8px;height:64.8px;position:relative;line-height:64.8px;text-align:center;\">\n<svg width=\"100%\" height=\"100%\" viewBox=\"0 0 24 24\" version=\"1.1\" xmlns=\"http:\/\/www.w3.org\/2000\/svg\" xmlns:xlink=\"http:\/\/www.w3.org\/1999\/xlink\">\n\n\n    \n    <defs><\/defs>\n    <g stroke=\"none\" stroke-width=\"1\" fill=\"none\" fill-rule=\"evenodd\">\n        \n        <path d=\"M12,21 C7.02943725,21 3,16.9705627 3,12 C3,7.02943725 7.02943725,3 12,3 C16.9705627,3 21,7.02943725 21,12 C21,16.9705627 16.9705627,21 12,21 Z M14.1654881,7.35483745 L9.61055177,10.3622525 C9.47921741,10.4489666 9.39637436,10.592455 9.38694497,10.7495509 L9.05991526,16.197949 C9.04337012,16.4735952 9.25341309,16.7104632 9.52905936,16.7270083 C9.63705011,16.7334903 9.74423017,16.7047714 9.83451193,16.6451626 L14.3894482,13.6377475 C14.5207826,13.5510334 14.6036256,13.407545 14.613055,13.2504491 L14.9400847,7.80205104 C14.9566299,7.52640477 14.7465869,7.28953682 14.4709406,7.27299168 C14.3629499,7.26650974 14.2557698,7.29522855 14.1654881,7.35483745 Z\" fill=\"#000000\"><\/path>\n    <\/g>\n<\/svg><\/div><div class=\"media-body\"><h5 class=\"font-weight-bold   text-heading-default animate-in \" style=\"\" data-anim-type=\"fade-in-up\" data-anim-delay=\"700\">GEOLOCALIZZAZIONE<\/h5><div class=\"text-gray-6      animate-in\" style=\"padding-top:10px;\" data-anim-type=\"fade-in-up\" data-anim-delay=\"800\">Individua, monitora, proteggi e traccia le tue risorse in tempo reale! La geolocalizzazione dei veicoli consente  opportunit\u00e0 di miglioramento, aumentare anche la produttivit\u00e0 piuttosto che identificare i costi nascosti per evitarli. \u00c8 una soluzione per vedere lo stato e l'attivit\u00e0 di veicoli live e offline.<\/div><\/div><\/div>\t\t<\/div>\n\t\t\t\t<\/div>\n\t\t\t\t\t<\/div>\n\t\t<\/div>\n\t\t\t\t\t<\/div>\n\t\t<\/section>\n\t\t\t\t\t<\/div>\n\t\t<\/div>\n\t\t\t\t\t<\/div>\n\t\t<\/section>\n\t\t\t\t<\/div>\n\t\t","protected":false},"excerpt":{"rendered":"<p>SAM ITS Sicurezza Un team dedicato alla protezione della tua azienda e delle tue propriet\u00e0 CONTROLLO ACCESSI E AUTOMAZIONE \u2014 Le nostre soluzioni di controllo accessi consentono di organizzare il flusso di persone e gestire selettivamente l&rsquo;accessibilit\u00e0 delle aree ad&#8230;<\/p>\n","protected":false},"author":1,"featured_media":0,"parent":0,"menu_order":0,"comment_status":"closed","ping_status":"closed","template":"","meta":{"footnotes":""},"class_list":["post-3607","page","type-page","status-publish","hentry"],"_links":{"self":[{"href":"https:\/\/sam-its.com\/index.php?rest_route=\/wp\/v2\/pages\/3607"}],"collection":[{"href":"https:\/\/sam-its.com\/index.php?rest_route=\/wp\/v2\/pages"}],"about":[{"href":"https:\/\/sam-its.com\/index.php?rest_route=\/wp\/v2\/types\/page"}],"author":[{"embeddable":true,"href":"https:\/\/sam-its.com\/index.php?rest_route=\/wp\/v2\/users\/1"}],"replies":[{"embeddable":true,"href":"https:\/\/sam-its.com\/index.php?rest_route=%2Fwp%2Fv2%2Fcomments&post=3607"}],"version-history":[{"count":6,"href":"https:\/\/sam-its.com\/index.php?rest_route=\/wp\/v2\/pages\/3607\/revisions"}],"predecessor-version":[{"id":3640,"href":"https:\/\/sam-its.com\/index.php?rest_route=\/wp\/v2\/pages\/3607\/revisions\/3640"}],"wp:attachment":[{"href":"https:\/\/sam-its.com\/index.php?rest_route=%2Fwp%2Fv2%2Fmedia&parent=3607"}],"curies":[{"name":"wp","href":"https:\/\/api.w.org\/{rel}","templated":true}]}}